{"id":11,"date":"2023-08-17T08:02:53","date_gmt":"2023-08-17T05:02:53","guid":{"rendered":"https:\/\/demosites.royal-elementor-addons.com\/nature-v2\/?page_id=11"},"modified":"2023-10-19T21:31:21","modified_gmt":"2023-10-19T18:31:21","slug":"about","status":"publish","type":"page","link":"https:\/\/konepalvelutolvanen.com\/index.php\/about\/","title":{"rendered":"Tietoa yrityksest\u00e4"},"content":{"rendered":"\t\t<div data-elementor-type=\"wp-page\" data-elementor-id=\"11\" class=\"elementor elementor-11\">\n\t\t\t\t\t\t<section class=\"elementor-section elementor-top-section elementor-element elementor-element-1cf472d elementor-section-boxed elementor-section-height-default elementor-section-height-default wpr-particle-no wpr-jarallax-no wpr-parallax-no wpr-sticky-section-no\" data-id=\"1cf472d\" data-element_type=\"section\" data-settings=\"{&quot;background_background&quot;:&quot;classic&quot;}\">\n\t\t\t\t\t\t\t<div class=\"elementor-background-overlay\"><\/div>\n\t\t\t\t\t\t\t<div class=\"elementor-container elementor-column-gap-default\">\n\t\t\t\t\t<div class=\"elementor-column elementor-col-100 elementor-top-column elementor-element elementor-element-d339750\" data-id=\"d339750\" data-element_type=\"column\">\n\t\t\t<div class=\"elementor-widget-wrap elementor-element-populated\">\n\t\t\t\t\t\t<div class=\"elementor-element elementor-element-33ed139 elementor-widget elementor-widget-heading\" data-id=\"33ed139\" data-element_type=\"widget\" data-widget_type=\"heading.default\">\n\t\t\t\t<div class=\"elementor-widget-container\">\n\t\t\t\t\t<h2 class=\"elementor-heading-title elementor-size-default\">Tietoa yrityksest\u00e4<\/h2>\t\t\t\t<\/div>\n\t\t\t\t<\/div>\n\t\t\t\t\t<\/div>\n\t\t<\/div>\n\t\t\t\t\t<\/div>\n\t\t<\/section>\n\t\t\t\t<section class=\"elementor-section elementor-top-section elementor-element elementor-element-39d6be1 elementor-section-boxed elementor-section-height-default elementor-section-height-default wpr-particle-no wpr-jarallax-no wpr-parallax-no wpr-sticky-section-no\" data-id=\"39d6be1\" data-element_type=\"section\">\n\t\t\t\t\t\t<div class=\"elementor-container elementor-column-gap-default\">\n\t\t\t\t\t<div class=\"elementor-column elementor-col-50 elementor-top-column elementor-element elementor-element-0079843\" data-id=\"0079843\" data-element_type=\"column\">\n\t\t\t<div class=\"elementor-widget-wrap elementor-element-populated\">\n\t\t\t\t\t\t<div class=\"elementor-element elementor-element-51728e1 elementor-widget elementor-widget-heading\" data-id=\"51728e1\" data-element_type=\"widget\" data-widget_type=\"heading.default\">\n\t\t\t\t<div class=\"elementor-widget-container\">\n\t\t\t\t\t<h2 class=\"elementor-heading-title elementor-size-default\">Kuka olen, mit\u00e4 teen?<\/h2>\t\t\t\t<\/div>\n\t\t\t\t<\/div>\n\t\t\t\t\t<\/div>\n\t\t<\/div>\n\t\t\t\t<div class=\"elementor-column elementor-col-50 elementor-top-column elementor-element elementor-element-7630a78\" data-id=\"7630a78\" data-element_type=\"column\">\n\t\t\t<div class=\"elementor-widget-wrap elementor-element-populated\">\n\t\t\t\t\t\t<div class=\"elementor-element elementor-element-c4b8a63 elementor-widget elementor-widget-text-editor\" data-id=\"c4b8a63\" data-element_type=\"widget\" data-widget_type=\"text-editor.default\">\n\t\t\t\t<div class=\"elementor-widget-container\">\n\t\t\t\t\t\t\t\t\t<p class=\"ng-star-inserted\">&#8221;Olen Niko Tolvanen. K\u00e4vin peruskoulun Hein\u00e4veden kirkon kyl\u00e4ll\u00e4 ja jatkoin sen j\u00e4lkeen opiskelemaan logistiikkaa ammattikoulussa.<\/p><p class=\"ng-star-inserted\">Logistiikka-alan lis\u00e4ksi tein traktori- ja kaivinkonet\u00f6it\u00e4. Ammattikoulun aikana sain ty\u00f6skennell\u00e4 monissa eri yrityksiss\u00e4, joko ty\u00f6harjoittelussa tai palkallisessa ty\u00f6suhteessa.<\/p><p class=\"ng-star-inserted\">Olen tehnyt muun muassa py\u00f6r\u00e4koneen kuljettajan ja trukkikuskin t\u00f6it\u00e4. Olen ollut tekemisiss\u00e4 koneiden kanssa koko ik\u00e4ni, ja siit\u00e4 asti kun jalat yltiv\u00e4t polkimille, alkoi niin sanottu harrastelu koneiden parissa.&#8221;<\/p>\t\t\t\t\t\t\t\t<\/div>\n\t\t\t\t<\/div>\n\t\t\t\t<div class=\"elementor-element elementor-element-0a18e78 elementor-widget elementor-widget-text-editor\" data-id=\"0a18e78\" data-element_type=\"widget\" data-widget_type=\"text-editor.default\">\n\t\t\t\t<div class=\"elementor-widget-container\">\n\t\t\t\t\t\t\t\t\t<p>Yritt\u00e4j\u00e4 Niko Tolvanen<\/p>\t\t\t\t\t\t\t\t<\/div>\n\t\t\t\t<\/div>\n\t\t\t\t\t<\/div>\n\t\t<\/div>\n\t\t\t\t\t<\/div>\n\t\t<\/section>\n\t\t\t\t<section class=\"elementor-section elementor-top-section elementor-element elementor-element-f6c5214 elementor-section-boxed elementor-section-height-default elementor-section-height-default wpr-particle-no wpr-jarallax-no wpr-parallax-no wpr-sticky-section-no\" data-id=\"f6c5214\" data-element_type=\"section\">\n\t\t\t\t\t\t<div class=\"elementor-container elementor-column-gap-default\">\n\t\t\t\t\t<div class=\"elementor-column elementor-col-100 elementor-top-column elementor-element elementor-element-ee28f21\" data-id=\"ee28f21\" data-element_type=\"column\">\n\t\t\t<div class=\"elementor-widget-wrap elementor-element-populated\">\n\t\t\t\t\t\t<div class=\"elementor-element elementor-element-a73d525 elementor-widget-divider--view-line elementor-widget elementor-widget-divider\" data-id=\"a73d525\" data-element_type=\"widget\" data-widget_type=\"divider.default\">\n\t\t\t\t<div class=\"elementor-widget-container\">\n\t\t\t\t\t\t\t<div class=\"elementor-divider\">\n\t\t\t<span class=\"elementor-divider-separator\">\n\t\t\t\t\t\t<\/span>\n\t\t<\/div>\n\t\t\t\t\t\t<\/div>\n\t\t\t\t<\/div>\n\t\t\t\t\t<\/div>\n\t\t<\/div>\n\t\t\t\t\t<\/div>\n\t\t<\/section>\n\t\t\t\t<\/div>\n\t\t","protected":false},"excerpt":{"rendered":"<p>Tietoa yrityksest\u00e4 Kuka olen, mit\u00e4 teen? &#8221;Olen Niko Tolvanen. K\u00e4vin peruskoulun Hein\u00e4veden kirkon kyl\u00e4ll\u00e4 ja jatkoin sen j\u00e4lkeen opiskelemaan logistiikkaa ammattikoulussa. Logistiikka-alan lis\u00e4ksi tein traktori- ja kaivinkonet\u00f6it\u00e4. Ammattikoulun aikana sain ty\u00f6skennell\u00e4 monissa eri yrityksiss\u00e4, joko ty\u00f6harjoittelussa tai palkallisessa ty\u00f6suhteessa. Olen tehnyt muun muassa py\u00f6r\u00e4koneen kuljettajan ja trukkikuskin t\u00f6it\u00e4. Olen ollut tekemisiss\u00e4 koneiden kanssa koko ik\u00e4ni, ja siit\u00e4 asti kun jalat yltiv\u00e4t polkimille, alkoi niin sanottu harrastelu koneiden parissa.&#8221; Yritt\u00e4j\u00e4 Niko Tolvanen<\/p>\n","protected":false},"author":1,"featured_media":0,"parent":0,"menu_order":0,"comment_status":"closed","ping_status":"closed","template":"elementor_canvas","meta":{"footnotes":""},"class_list":["post-11","page","type-page","status-publish","hentry"],"yoast_head":"<!-- This site is optimized with the Yoast SEO plugin v22.4 - https:\/\/yoast.com\/wordpress\/plugins\/seo\/ -->\n<title>Tietoa yrityksest\u00e4 - Konepalvelu Tolvanen<\/title>\n<meta name=\"robots\" content=\"index, follow, max-snippet:-1, max-image-preview:large, max-video-preview:-1\" \/>\n<link rel=\"canonical\" href=\"https:\/\/konepalvelutolvanen.com\/index.php\/about\/\" \/>\n<meta property=\"og:locale\" content=\"fi_FI\" \/>\n<meta property=\"og:type\" content=\"article\" \/>\n<meta property=\"og:title\" content=\"Tietoa yrityksest\u00e4 - Konepalvelu Tolvanen\" \/>\n<meta property=\"og:description\" content=\"Tietoa yrityksest\u00e4 Kuka olen, mit\u00e4 teen? &#8221;Olen Niko Tolvanen. K\u00e4vin peruskoulun Hein\u00e4veden kirkon kyl\u00e4ll\u00e4 ja jatkoin sen j\u00e4lkeen opiskelemaan logistiikkaa ammattikoulussa. Logistiikka-alan lis\u00e4ksi tein traktori- ja kaivinkonet\u00f6it\u00e4. Ammattikoulun aikana sain ty\u00f6skennell\u00e4 monissa eri yrityksiss\u00e4, joko ty\u00f6harjoittelussa tai palkallisessa ty\u00f6suhteessa. Olen tehnyt muun muassa py\u00f6r\u00e4koneen kuljettajan ja trukkikuskin t\u00f6it\u00e4. Olen ollut tekemisiss\u00e4 koneiden kanssa koko ik\u00e4ni, ja siit\u00e4 asti kun jalat yltiv\u00e4t polkimille, alkoi niin sanottu harrastelu koneiden parissa.&#8221; Yritt\u00e4j\u00e4 Niko Tolvanen\" \/>\n<meta property=\"og:url\" content=\"https:\/\/konepalvelutolvanen.com\/index.php\/about\/\" \/>\n<meta property=\"og:site_name\" content=\"Konepalvelu Tolvanen\" \/>\n<meta property=\"article:modified_time\" content=\"2023-10-19T18:31:21+00:00\" \/>\n<meta name=\"twitter:card\" content=\"summary_large_image\" \/>\n<script type=\"application\/ld+json\" class=\"yoast-schema-graph\">{\"@context\":\"https:\/\/schema.org\",\"@graph\":[{\"@type\":\"WebPage\",\"@id\":\"https:\/\/konepalvelutolvanen.com\/index.php\/about\/\",\"url\":\"https:\/\/konepalvelutolvanen.com\/index.php\/about\/\",\"name\":\"Tietoa yrityksest\u00e4 - Konepalvelu Tolvanen\",\"isPartOf\":{\"@id\":\"https:\/\/konepalvelutolvanen.com\/#website\"},\"datePublished\":\"2023-08-17T05:02:53+00:00\",\"dateModified\":\"2023-10-19T18:31:21+00:00\",\"breadcrumb\":{\"@id\":\"https:\/\/konepalvelutolvanen.com\/index.php\/about\/#breadcrumb\"},\"inLanguage\":\"fi\",\"potentialAction\":[{\"@type\":\"ReadAction\",\"target\":[\"https:\/\/konepalvelutolvanen.com\/index.php\/about\/\"]}]},{\"@type\":\"BreadcrumbList\",\"@id\":\"https:\/\/konepalvelutolvanen.com\/index.php\/about\/#breadcrumb\",\"itemListElement\":[{\"@type\":\"ListItem\",\"position\":1,\"name\":\"Etusivu\",\"item\":\"https:\/\/konepalvelutolvanen.com\/\"},{\"@type\":\"ListItem\",\"position\":2,\"name\":\"Tietoa yrityksest\u00e4\"}]},{\"@type\":\"WebSite\",\"@id\":\"https:\/\/konepalvelutolvanen.com\/#website\",\"url\":\"https:\/\/konepalvelutolvanen.com\/\",\"name\":\"Konepalvelu Tolvanen\",\"description\":\"Konepalveluyritys Hein\u00e4vedell\u00e4 Karviossa\",\"publisher\":{\"@id\":\"https:\/\/konepalvelutolvanen.com\/#organization\"},\"potentialAction\":[{\"@type\":\"SearchAction\",\"target\":{\"@type\":\"EntryPoint\",\"urlTemplate\":\"https:\/\/konepalvelutolvanen.com\/?s={search_term_string}\"},\"query-input\":\"required name=search_term_string\"}],\"inLanguage\":\"fi\"},{\"@type\":\"Organization\",\"@id\":\"https:\/\/konepalvelutolvanen.com\/#organization\",\"name\":\"Konepalvelu Tolvanen\",\"url\":\"https:\/\/konepalvelutolvanen.com\/\",\"logo\":{\"@type\":\"ImageObject\",\"inLanguage\":\"fi\",\"@id\":\"https:\/\/konepalvelutolvanen.com\/#\/schema\/logo\/image\/\",\"url\":\"https:\/\/konepalvelutolvanen.com\/wp-content\/uploads\/2024\/04\/Logo-KPT.png\",\"contentUrl\":\"https:\/\/konepalvelutolvanen.com\/wp-content\/uploads\/2024\/04\/Logo-KPT.png\",\"width\":500,\"height\":500,\"caption\":\"Konepalvelu Tolvanen\"},\"image\":{\"@id\":\"https:\/\/konepalvelutolvanen.com\/#\/schema\/logo\/image\/\"}}]}<\/script>\n<!-- \/ Yoast SEO plugin. -->","yoast_head_json":{"title":"Tietoa yrityksest\u00e4 - Konepalvelu Tolvanen","robots":{"index":"index","follow":"follow","max-snippet":"max-snippet:-1","max-image-preview":"max-image-preview:large","max-video-preview":"max-video-preview:-1"},"canonical":"https:\/\/konepalvelutolvanen.com\/index.php\/about\/","og_locale":"fi_FI","og_type":"article","og_title":"Tietoa yrityksest\u00e4 - Konepalvelu Tolvanen","og_description":"Tietoa yrityksest\u00e4 Kuka olen, mit\u00e4 teen? &#8221;Olen Niko Tolvanen. K\u00e4vin peruskoulun Hein\u00e4veden kirkon kyl\u00e4ll\u00e4 ja jatkoin sen j\u00e4lkeen opiskelemaan logistiikkaa ammattikoulussa. Logistiikka-alan lis\u00e4ksi tein traktori- ja kaivinkonet\u00f6it\u00e4. Ammattikoulun aikana sain ty\u00f6skennell\u00e4 monissa eri yrityksiss\u00e4, joko ty\u00f6harjoittelussa tai palkallisessa ty\u00f6suhteessa. Olen tehnyt muun muassa py\u00f6r\u00e4koneen kuljettajan ja trukkikuskin t\u00f6it\u00e4. Olen ollut tekemisiss\u00e4 koneiden kanssa koko ik\u00e4ni, ja siit\u00e4 asti kun jalat yltiv\u00e4t polkimille, alkoi niin sanottu harrastelu koneiden parissa.&#8221; Yritt\u00e4j\u00e4 Niko Tolvanen","og_url":"https:\/\/konepalvelutolvanen.com\/index.php\/about\/","og_site_name":"Konepalvelu Tolvanen","article_modified_time":"2023-10-19T18:31:21+00:00","twitter_card":"summary_large_image","schema":{"@context":"https:\/\/schema.org","@graph":[{"@type":"WebPage","@id":"https:\/\/konepalvelutolvanen.com\/index.php\/about\/","url":"https:\/\/konepalvelutolvanen.com\/index.php\/about\/","name":"Tietoa yrityksest\u00e4 - Konepalvelu Tolvanen","isPartOf":{"@id":"https:\/\/konepalvelutolvanen.com\/#website"},"datePublished":"2023-08-17T05:02:53+00:00","dateModified":"2023-10-19T18:31:21+00:00","breadcrumb":{"@id":"https:\/\/konepalvelutolvanen.com\/index.php\/about\/#breadcrumb"},"inLanguage":"fi","potentialAction":[{"@type":"ReadAction","target":["https:\/\/konepalvelutolvanen.com\/index.php\/about\/"]}]},{"@type":"BreadcrumbList","@id":"https:\/\/konepalvelutolvanen.com\/index.php\/about\/#breadcrumb","itemListElement":[{"@type":"ListItem","position":1,"name":"Etusivu","item":"https:\/\/konepalvelutolvanen.com\/"},{"@type":"ListItem","position":2,"name":"Tietoa yrityksest\u00e4"}]},{"@type":"WebSite","@id":"https:\/\/konepalvelutolvanen.com\/#website","url":"https:\/\/konepalvelutolvanen.com\/","name":"Konepalvelu Tolvanen","description":"Konepalveluyritys Hein\u00e4vedell\u00e4 Karviossa","publisher":{"@id":"https:\/\/konepalvelutolvanen.com\/#organization"},"potentialAction":[{"@type":"SearchAction","target":{"@type":"EntryPoint","urlTemplate":"https:\/\/konepalvelutolvanen.com\/?s={search_term_string}"},"query-input":"required name=search_term_string"}],"inLanguage":"fi"},{"@type":"Organization","@id":"https:\/\/konepalvelutolvanen.com\/#organization","name":"Konepalvelu Tolvanen","url":"https:\/\/konepalvelutolvanen.com\/","logo":{"@type":"ImageObject","inLanguage":"fi","@id":"https:\/\/konepalvelutolvanen.com\/#\/schema\/logo\/image\/","url":"https:\/\/konepalvelutolvanen.com\/wp-content\/uploads\/2024\/04\/Logo-KPT.png","contentUrl":"https:\/\/konepalvelutolvanen.com\/wp-content\/uploads\/2024\/04\/Logo-KPT.png","width":500,"height":500,"caption":"Konepalvelu Tolvanen"},"image":{"@id":"https:\/\/konepalvelutolvanen.com\/#\/schema\/logo\/image\/"}}]}},"_links":{"self":[{"href":"https:\/\/konepalvelutolvanen.com\/index.php\/wp-json\/wp\/v2\/pages\/11","targetHints":{"allow":["GET"]}}],"collection":[{"href":"https:\/\/konepalvelutolvanen.com\/index.php\/wp-json\/wp\/v2\/pages"}],"about":[{"href":"https:\/\/konepalvelutolvanen.com\/index.php\/wp-json\/wp\/v2\/types\/page"}],"author":[{"embeddable":true,"href":"https:\/\/konepalvelutolvanen.com\/index.php\/wp-json\/wp\/v2\/users\/1"}],"replies":[{"embeddable":true,"href":"https:\/\/konepalvelutolvanen.com\/index.php\/wp-json\/wp\/v2\/comments?post=11"}],"version-history":[{"count":7,"href":"https:\/\/konepalvelutolvanen.com\/index.php\/wp-json\/wp\/v2\/pages\/11\/revisions"}],"predecessor-version":[{"id":779,"href":"https:\/\/konepalvelutolvanen.com\/index.php\/wp-json\/wp\/v2\/pages\/11\/revisions\/779"}],"wp:attachment":[{"href":"https:\/\/konepalvelutolvanen.com\/index.php\/wp-json\/wp\/v2\/media?parent=11"}],"curies":[{"name":"wp","href":"https:\/\/api.w.org\/{rel}","templated":true}]}}